{"id":80,"date":"2025-07-26T16:39:44","date_gmt":"2025-07-26T16:39:44","guid":{"rendered":"https:\/\/newmannewworld.com\/?page_id=80"},"modified":"2026-04-12T11:04:29","modified_gmt":"2026-04-12T09:04:29","slug":"sessioni-corsi","status":"publish","type":"page","link":"https:\/\/newmannewworld.com\/it\/sessioni-corsi\/","title":{"rendered":"Classi\/Corsi"},"content":{"rendered":"\n<div style=\"height:56px\" aria-hidden=\"true\" class=\"wp-block-spacer\"><\/div>\n\n\n\n<figure class=\"wp-block-image size-large is-resized\"><img loading=\"lazy\" decoding=\"async\" width=\"1024\" height=\"576\" src=\"https:\/\/newmannewworld.com\/wp-content\/uploads\/2026\/04\/Meditazione-19-aprile-1024x576.jpg\" alt=\"\" class=\"wp-image-1250\" style=\"width:742px;height:auto\" srcset=\"https:\/\/newmannewworld.com\/wp-content\/uploads\/2026\/04\/Meditazione-19-aprile-1024x576.jpg 1024w, https:\/\/newmannewworld.com\/wp-content\/uploads\/2026\/04\/Meditazione-19-aprile-300x169.jpg 300w, https:\/\/newmannewworld.com\/wp-content\/uploads\/2026\/04\/Meditazione-19-aprile-768x432.jpg 768w, https:\/\/newmannewworld.com\/wp-content\/uploads\/2026\/04\/Meditazione-19-aprile-1536x864.jpg 1536w, https:\/\/newmannewworld.com\/wp-content\/uploads\/2026\/04\/Meditazione-19-aprile.jpg 1920w\" sizes=\"auto, (max-width: 1024px) 100vw, 1024px\" \/><\/figure>\n\n\n\n<div style=\"height:0px\" aria-hidden=\"true\" class=\"wp-block-spacer\"><\/div>\n\n\n\n<div style=\"height:0px\" aria-hidden=\"true\" class=\"wp-block-spacer\"><\/div>\n\n\n\n<div style=\"height:0px\" aria-hidden=\"true\" class=\"wp-block-spacer\"><\/div>\n\n\n\n<div style=\"height:0px\" aria-hidden=\"true\" class=\"wp-block-spacer\"><\/div>\n\n\n\n<div style=\"height:0px\" aria-hidden=\"true\" class=\"wp-block-spacer\"><\/div>\n\n\n\n<div style=\"height:0px\" aria-hidden=\"true\" class=\"wp-block-spacer\"><\/div>\n\n\n\n<p>Un momento di pausa.. di ricarica.. in un mondo sempre pi\u00f9 frenetico.<\/p>\n\n\n\n<p>Un&#8217;opportunit\u00e0 per ritrovare il nostro centro e riconnetterci con esso quando necessario. Per ricominciare in modo diverso: pi\u00f9 consapevoli, pi\u00f9 in equilibrio, pi\u00f9 umani, creativi e produttivi.<\/p>\n\n\n\n<p>Vieni a scoprire l&#8217;incredibile potenziale che \u00e8 in te e impara ad utilizzarlo nella tua vita.<\/p>\n\n\n\n<div style=\"height:0px\" aria-hidden=\"true\" class=\"wp-block-spacer\"><\/div>\n\n\n\n<div style=\"height:0px\" aria-hidden=\"true\" class=\"wp-block-spacer\"><\/div>\n\n\n\n<div style=\"height:88px\" aria-hidden=\"true\" class=\"wp-block-spacer\"><\/div>\n\n\n\n<div class=\"wp-block-media-text is-stacked-on-mobile is-image-fill-element has-medium-font-size\" style=\"grid-template-columns:18% auto\"><figure class=\"wp-block-media-text__media\"><img loading=\"lazy\" decoding=\"async\" width=\"713\" height=\"998\" src=\"https:\/\/newmannewworld.com\/wp-content\/uploads\/2025\/08\/39806AD8-B0B2-48B2-9F71-748E08A1136E-e1754904725217.png\" alt=\"\" class=\"wp-image-285 size-full\" style=\"object-position:49% 36%\"\/><\/figure><div class=\"wp-block-media-text__content\">\n<p><strong>MASSAGGIO SONORO<\/strong>: Ci immergeremo in un mare di vibrazioni sprigionate dal suono di strumenti ANCESTRALI.<\/p>\n\n\n\n<p><strong>Gong<\/strong>, <strong>Campane Tibetane<\/strong>, <strong>Campana Koshi<\/strong>, <strong>Ocean drum<\/strong>, <strong>Bastone della Pioggia<\/strong>, <strong>Arpa di Cristallo<\/strong>, <strong>Tamburo Sciamanico e Voce<\/strong><\/p>\n\n\n\n<p>Le onde sonore ci avvolgeranno massaggiando ogni singola cellula e ci accompagneranno in uno spazio di quiete e connessione<\/p>\n\n\n\n<p>Un&#8217; esperienza Mistica, un viaggio dentro di noi in uno stato di profondo rilassamento meditativo<\/p>\n\n\n\n<p>Con Max Ielmini New World <strong>8 marzo &#8217;26 <\/strong>dalle 18:00 alle 20:00<\/p>\n<\/div><\/div>\n\n\n\n<div style=\"height:97px\" aria-hidden=\"true\" class=\"wp-block-spacer\"><\/div>\n\n\n\n<div class=\"wp-block-media-text has-media-on-the-right is-stacked-on-mobile is-image-fill-element\" style=\"grid-template-columns:auto 41%\"><div class=\"wp-block-media-text__content\">\n<p><strong>QI GONG<\/strong>: Il Qi Gong \u00e8 una pratica millenaria cinese che combina movimenti dolci, respirazione consapevole e meditazione per coltivare e armonizzare l\u2019energia vitale, o \u201cQi\u201d, nel corpo. Qi Gong, letteralmente \u201clavoro del Qi\u201d, rappresenta quindi un percorso di ascolto e riscoperta della propria energia interiore attraverso la sensazione di piacevole scorrimento, senza attrito, della forza vitale nel corpo. Praticare Qi Gong aiuta a stimolare la circolazione energetica e sanguigna, sciogliere tensioni muscolari e articolari, favorire un rilassamento profondo e ritrovare la naturalezza e la spontaneit\u00e0 nei movimenti. Le sue radici risalgono a oltre 2.000 anni fa, nel contesto della Medicina Cinese, dove veniva utilizzato come strumento per prevenire malattie, migliorare la salute e riequilibrare corpo e mente. Nel tempo questa disciplina si \u00e8 evoluta in numerosi stili e scuole, ma ha mantenuto intatto il suo scopo essenziale: favorire un benessere globale, duraturo e accessibile a persone di tutte le et\u00e0 e condizioni fisiche. L&#8217;approccio individuale alla meditazione permette di creare un percorso su misura che rispetta il ritmo e le specificit\u00e0 di ogni persona, favorendo un&#8217;esperienza autentica e trasformativa.<\/p>\n\n\n\n<p>Con Lucia Cova<strong> mercoledi<\/strong> dalle 17.00 alle 18.00<\/p>\n<\/div><figure class=\"wp-block-media-text__media\"><img loading=\"lazy\" decoding=\"async\" width=\"900\" height=\"559\" src=\"https:\/\/newmannewworld.com\/wp-content\/uploads\/2025\/08\/tai-chi-practice-ilyo-art.jpg\" alt=\"\" class=\"wp-image-301 size-full\" style=\"object-position:31% 50%\" srcset=\"https:\/\/newmannewworld.com\/wp-content\/uploads\/2025\/08\/tai-chi-practice-ilyo-art.jpg 900w, https:\/\/newmannewworld.com\/wp-content\/uploads\/2025\/08\/tai-chi-practice-ilyo-art-300x186.jpg 300w, https:\/\/newmannewworld.com\/wp-content\/uploads\/2025\/08\/tai-chi-practice-ilyo-art-768x477.jpg 768w\" sizes=\"auto, (max-width: 900px) 100vw, 900px\" \/><\/figure><\/div>\n\n\n\n<div style=\"height:136px\" aria-hidden=\"true\" class=\"wp-block-spacer\"><\/div>\n\n\n\n<div class=\"wp-block-media-text is-stacked-on-mobile is-image-fill-element\" style=\"grid-template-columns:37% auto\"><figure class=\"wp-block-media-text__media\"><img loading=\"lazy\" decoding=\"async\" width=\"352\" height=\"352\" src=\"https:\/\/newmannewworld.com\/wp-content\/uploads\/2025\/08\/523902099_17843382090541458_6018162564528449580_n-2.jpg\" alt=\"\" class=\"wp-image-314 size-full\" style=\"object-position:33% 64%\" srcset=\"https:\/\/newmannewworld.com\/wp-content\/uploads\/2025\/08\/523902099_17843382090541458_6018162564528449580_n-2.jpg 352w, https:\/\/newmannewworld.com\/wp-content\/uploads\/2025\/08\/523902099_17843382090541458_6018162564528449580_n-2-300x300.jpg 300w, https:\/\/newmannewworld.com\/wp-content\/uploads\/2025\/08\/523902099_17843382090541458_6018162564528449580_n-2-150x150.jpg 150w\" sizes=\"auto, (max-width: 352px) 100vw, 352px\" \/><\/figure><div class=\"wp-block-media-text__content\">\n<p class=\"has-text-align-left\"><strong>TAI CHI CHUAN<\/strong>: Il Tai Chi Chuan \u00e8 un\u2019antica arte marziale cinese le cui origini affondano nella leggenda del monaco taoista Zhang Sanfeng, che, ispirato dall\u2019osservazione della lotta tra una gru e un serpente, svilupp\u00f2 i primi movimenti basati sui principi di morbidezza, circolarit\u00e0 e armonia. Il Tai Chi Chuan, nel corso del tempo, \u00e8 stato poi codificato in una pratica che unisce la forza dell\u2019arte marziale con la filosofia taoista e la medicina cinese, mantenendo un forte legame con la natura e la ricerca dell&#8217;armonia tra corpo e mente. Tra gli stili pi\u00f9 diffusi e apprezzati, spicca quello della famiglia Yang, noto per i suoi movimenti ampi e armoniosi. Grazie a Maestri come Yang Chengfu, figura di riferimento del XX secolo, questo stile si \u00e8 diffuso in tutto il mondo, diventando un punto di riferimento per la pratica del Tai Chi Chuan. Attraverso l\u2019integrazione di movimento-respiro-meditazione, la pratica del Tai Chi Chuan aiuta a migliorare la coordinazione motoria, la postura e favorire il rilassamento profondo. Non rappresenta solo un esercizio fisico, ma offre uno spazio di quiete dove poter ritrovare il nostro equilibrio interiore e riscoprire una sensazione di benessere globale, di connessione consapevole con il proprio corpo, per tronare ad abitarlo piacevolmente.<\/p>\n\n\n\n<p>Con Lucia Cova<strong> giovedi<\/strong> dalle 18.00 alle 19.00<\/p>\n<\/div><\/div>\n\n\n\n<div style=\"height:97px\" aria-hidden=\"true\" class=\"wp-block-spacer\"><\/div>\n\n\n\n<div class=\"wp-block-media-text has-media-on-the-right is-stacked-on-mobile\" style=\"grid-template-columns:auto 62%\"><div class=\"wp-block-media-text__content\">\n<p><strong>HATHA YOGA<\/strong>: <em>L\u2019Hatha Yoga \u00e8 la connessione fra corpo e mente, quindi una graduale evoluzione verso lo stato di equilibrio e di armonia dell\u2019intera personalit\u00e0.<\/em><\/p>\n\n\n\n<p><em>L\u2019Hatha Yoga \u00e8 radicato nella tradizione in cui la conoscenza \u00e8 stata tramandata attraverso gli antichi testi, da Saggi e Maestri come Patanjali e altri che hanno unito la filosofia vedica alla filosofia yogica e hanno scritto i testi classici a cui si fa riferimento ancora oggi.<\/em><\/p>\n\n\n\n<p><em>Chiarimenti sullo yoga, domande e obiezioni pi\u00f9 frequenti:<\/em><\/p>\n\n\n\n<p><em>-lo yoga non \u00e8 una religione<\/em><\/p>\n\n\n\n<p><em>-lo yoga pu\u00f2 essere praticato per livelli e motivi differenti anche da chi non ancora interessato all\u2019aspetto dell\u2019evoluzione spirituale<\/em><\/p>\n\n\n\n<p><em>-lo yoga non va praticato per imitazione (forzature o rinunce a priori)<\/em><\/p>\n\n\n\n<p><\/p>\n<\/div><figure class=\"wp-block-media-text__media\"><img loading=\"lazy\" decoding=\"async\" width=\"1024\" height=\"576\" src=\"https:\/\/newmannewworld.com\/wp-content\/uploads\/2026\/01\/Blanco-Turquesa-Videocentrico-Viajes-Miniatura-de-YouTube-2-1-1024x576.png\" alt=\"\" class=\"wp-image-969 size-full\" srcset=\"https:\/\/newmannewworld.com\/wp-content\/uploads\/2026\/01\/Blanco-Turquesa-Videocentrico-Viajes-Miniatura-de-YouTube-2-1-1024x576.png 1024w, https:\/\/newmannewworld.com\/wp-content\/uploads\/2026\/01\/Blanco-Turquesa-Videocentrico-Viajes-Miniatura-de-YouTube-2-1-300x169.png 300w, https:\/\/newmannewworld.com\/wp-content\/uploads\/2026\/01\/Blanco-Turquesa-Videocentrico-Viajes-Miniatura-de-YouTube-2-1-768x432.png 768w, https:\/\/newmannewworld.com\/wp-content\/uploads\/2026\/01\/Blanco-Turquesa-Videocentrico-Viajes-Miniatura-de-YouTube-2-1.png 1280w\" sizes=\"auto, (max-width: 1024px) 100vw, 1024px\" \/><\/figure><\/div>\n\n\n\n<p class=\"has-text-align-center\"><strong>Lunedi <\/strong>dalle 17:00 alle 18:00, <strong>mercoledi<\/strong> dalle 16:30 alle 17:30, <strong>venerdi<\/strong> dalle 18:30 alle 19.30, con Nicola Petrocelli e Chiara Polce<\/p>\n\n\n\n<div style=\"height:100px\" aria-hidden=\"true\" class=\"wp-block-spacer\"><\/div>\n\n\n\n<div class=\"wp-block-media-text is-stacked-on-mobile is-image-fill-element\" style=\"grid-template-columns:59% auto\"><figure class=\"wp-block-media-text__media\"><img loading=\"lazy\" decoding=\"async\" width=\"600\" height=\"292\" src=\"https:\/\/newmannewworld.com\/wp-content\/uploads\/2026\/03\/Immagine-yoga-dinamico.webp\" alt=\"\" class=\"wp-image-1014 size-full\" style=\"object-position:50% 50%\" srcset=\"https:\/\/newmannewworld.com\/wp-content\/uploads\/2026\/03\/Immagine-yoga-dinamico.webp 600w, https:\/\/newmannewworld.com\/wp-content\/uploads\/2026\/03\/Immagine-yoga-dinamico-300x146.webp 300w\" sizes=\"auto, (max-width: 600px) 100vw, 600px\" \/><\/figure><div class=\"wp-block-media-text__content\">\n<p class=\"has-text-align-left\"><strong>Yoga Dinamico<\/strong>: Un percorso adatto a qualsiasi livello dove il movimento degli Asana (le posizioni fisiche nello Yoga) si unisce alla ricerca di lentezza e concentrazione. Non solo movimento fisico ma un&#8217; esperienza interiore per riscoprire il potere del proprio respiro attraverso tecniche che evolveranno la pratica.<\/p>\n\n\n\n<p class=\"has-text-align-left\"><strong>Lunedi <\/strong>dalle 18:30 alle 19:30,<strong> martedi<\/strong> e <strong>venerdi<\/strong> dalle 12:45 alle 13:45, <strong>mercoledi <\/strong>dalle 10.30 alle 11.30, con Chiara Polce e Giorgia Malerba<\/p>\n\n\n\n<p><\/p>\n<\/div><\/div>\n\n\n\n<div style=\"height:89px\" aria-hidden=\"true\" class=\"wp-block-spacer\"><\/div>\n\n\n\n<div class=\"wp-block-media-text is-stacked-on-mobile is-image-fill-element\" style=\"grid-template-columns:59% auto\"><figure class=\"wp-block-media-text__media\"><img loading=\"lazy\" decoding=\"async\" width=\"1024\" height=\"659\" src=\"https:\/\/newmannewworld.com\/wp-content\/uploads\/2026\/03\/Immagine-yoga-dolce-4-1024x659.jpg\" alt=\"\" class=\"wp-image-1022 size-full\" style=\"object-position:65% 8%\" srcset=\"https:\/\/newmannewworld.com\/wp-content\/uploads\/2026\/03\/Immagine-yoga-dolce-4-1024x659.jpg 1024w, https:\/\/newmannewworld.com\/wp-content\/uploads\/2026\/03\/Immagine-yoga-dolce-4-300x193.jpg 300w, https:\/\/newmannewworld.com\/wp-content\/uploads\/2026\/03\/Immagine-yoga-dolce-4-768x494.jpg 768w, https:\/\/newmannewworld.com\/wp-content\/uploads\/2026\/03\/Immagine-yoga-dolce-4.jpg 1419w\" sizes=\"auto, (max-width: 1024px) 100vw, 1024px\" \/><\/figure><div class=\"wp-block-media-text__content\">\n<p class=\"has-text-align-left\"><strong>Yoga Dolce<\/strong>: Una forma di Hatha Yoga che, in assenza di patologie che compromettono significativamente la mobilit\u00e0 , \u00e8 adatta a tutti. Alleneremo la percezione del nostro corpo e quella del nostro respiro attraverso posizioni e movimenti, graduali e semplici, eseguiti lentamente, senza sollecitare intensamente muscoli, articolazioni e respiro.<\/p>\n\n\n\n<p><\/p>\n\n\n\n<p><\/p>\n\n\n\n<p class=\"has-text-align-left\"><strong>Mercoledi <\/strong>dalle 18:30 alle 19:30,  con Chiara Polce<\/p>\n\n\n\n<p><\/p>\n<\/div><\/div>\n\n\n\n<div style=\"height:94px\" aria-hidden=\"true\" class=\"wp-block-spacer\"><\/div>\n\n\n\n<div class=\"wp-block-media-text is-stacked-on-mobile is-image-fill-element\" style=\"font-size:16px;grid-template-columns:59% auto\"><figure class=\"wp-block-media-text__media\"><img loading=\"lazy\" decoding=\"async\" width=\"800\" height=\"800\" src=\"https:\/\/newmannewworld.com\/wp-content\/uploads\/2026\/03\/Immagine-pilates.webp\" alt=\"\" class=\"wp-image-1031 size-full\" style=\"object-position:51% 46%\" srcset=\"https:\/\/newmannewworld.com\/wp-content\/uploads\/2026\/03\/Immagine-pilates.webp 800w, https:\/\/newmannewworld.com\/wp-content\/uploads\/2026\/03\/Immagine-pilates-300x300.webp 300w, https:\/\/newmannewworld.com\/wp-content\/uploads\/2026\/03\/Immagine-pilates-150x150.webp 150w, https:\/\/newmannewworld.com\/wp-content\/uploads\/2026\/03\/Immagine-pilates-768x768.webp 768w\" sizes=\"auto, (max-width: 800px) 100vw, 800px\" \/><\/figure><div class=\"wp-block-media-text__content\">\n<p class=\"has-text-align-left has-small-font-size\"><strong>Pilates<\/strong>: Un corso matwork coinvolgente, stimolante, tonificante e adatto a qualsiasi livello. Il Pilates \u00e8 un metodo di allenamento nato per migliorare la postura, rinforzare i muscoli e ritrovare armonia nei movimenti quotidiani lavorando su forza, controllo, respiro e molte altre qualit\u00e0 da sviluppare con la pratica.<\/p>\n\n\n\n<p class=\"has-text-align-left\"><strong>Martedi<\/strong>&nbsp;dalle 11:30 alle 12:30 e&nbsp;<strong>mercoledi<\/strong>&nbsp;dalle 9.15 alle 10.15, con Giorgia Malerba<\/p>\n\n\n\n<p><\/p>\n<\/div><\/div>\n\n\n\n<div style=\"height:90px\" aria-hidden=\"true\" class=\"wp-block-spacer\"><\/div>\n\n\n\n<div class=\"wp-block-media-text is-stacked-on-mobile is-image-fill-element\" style=\"grid-template-columns:59% auto\"><figure class=\"wp-block-media-text__media\"><img loading=\"lazy\" decoding=\"async\" width=\"1024\" height=\"724\" src=\"https:\/\/newmannewworld.com\/wp-content\/uploads\/2025\/08\/Meditando-dopo-il-lavoro-1024x724.png\" alt=\"\" class=\"wp-image-375 size-full\" style=\"object-position:50% 50%\" srcset=\"https:\/\/newmannewworld.com\/wp-content\/uploads\/2025\/08\/Meditando-dopo-il-lavoro-1024x724.png 1024w, https:\/\/newmannewworld.com\/wp-content\/uploads\/2025\/08\/Meditando-dopo-il-lavoro-300x212.png 300w, https:\/\/newmannewworld.com\/wp-content\/uploads\/2025\/08\/Meditando-dopo-il-lavoro-768x543.png 768w, https:\/\/newmannewworld.com\/wp-content\/uploads\/2025\/08\/Meditando-dopo-il-lavoro-1536x1085.png 1536w, https:\/\/newmannewworld.com\/wp-content\/uploads\/2025\/08\/Meditando-dopo-il-lavoro.png 1684w\" sizes=\"auto, (max-width: 1024px) 100vw, 1024px\" \/><\/figure><div class=\"wp-block-media-text__content\">\n<p class=\"has-text-align-left\"><strong>EVENING MEDITATION, MEDITAZIONE PER IL DOPO LAVORO<\/strong>: Questa Tecnica di Meditazione, della durata di 45 minuti, \u00e8 stata creata appositamente per smaltire la giornata lavorativa, ritrovare il proprio centro, favorire una buona serata e un buon sonno e poter ripartire, il giorno dopo, con energia e  buon rendimento. Un acceleratore verso equilibrio e produttivit\u00e0.<\/p>\n\n\n\n<p class=\"has-text-align-left\"><strong>Ogni sera da lunedi a venerdi<\/strong>, con Piero dalle 19:45 alle 20.30<\/p>\n\n\n\n<p><\/p>\n<\/div><\/div>\n\n\n\n<div style=\"height:95px\" aria-hidden=\"true\" class=\"wp-block-spacer\"><\/div>\n\n\n\n<div style=\"height:125px\" aria-hidden=\"true\" class=\"wp-block-spacer\"><\/div>\n\n\n\n<figure class=\"wp-block-image size-full is-resized\"><img loading=\"lazy\" decoding=\"async\" width=\"940\" height=\"788\" src=\"https:\/\/newmannewworld.com\/wp-content\/uploads\/2025\/10\/PHOTO-2025-10-06-19-02-49-2.jpg\" alt=\"\" class=\"wp-image-928\" style=\"width:724px;height:auto\" srcset=\"https:\/\/newmannewworld.com\/wp-content\/uploads\/2025\/10\/PHOTO-2025-10-06-19-02-49-2.jpg 940w, https:\/\/newmannewworld.com\/wp-content\/uploads\/2025\/10\/PHOTO-2025-10-06-19-02-49-2-300x251.jpg 300w, https:\/\/newmannewworld.com\/wp-content\/uploads\/2025\/10\/PHOTO-2025-10-06-19-02-49-2-768x644.jpg 768w\" sizes=\"auto, (max-width: 940px) 100vw, 940px\" \/><\/figure>\n\n\n\n<p><\/p>\n\n\n\n<p><strong>Costi<\/strong>: <\/p>\n\n\n\n<p><strong>Classi settimanali<\/strong> 20\u20ac (15\u20ac con pagamento anticipato per 5 classi)<\/p>\n\n\n\n<p><strong>Massaggio Sonoro<\/strong> 20\u20ac per Sessione<\/p>\n\n\n\n<p><strong>Workshop<\/strong> <strong>Meditazione 19 aprile &#8217;26<\/strong> 30\u20ac<\/p>\n\n\n\n<p><strong>Evening Meditation<\/strong> 5\u20ac<\/p>\n\n\n\n<figure class=\"wp-block-image size-full is-resized\"><img loading=\"lazy\" decoding=\"async\" width=\"259\" height=\"194\" src=\"https:\/\/newmannewworld.com\/wp-content\/uploads\/2025\/09\/Accettazione-1.jpg\" alt=\"\" class=\"wp-image-634\" style=\"width:75px;height:auto\"\/><\/figure>\n\n\n\n<p><\/p>\n\n\n\n<p><\/p>\n\n\n\n<div style=\"height:0px\" aria-hidden=\"true\" class=\"wp-block-spacer\"><\/div>\n\n\n\n<p><\/p>\n\n\n\n<div style=\"height:0px\" aria-hidden=\"true\" class=\"wp-block-spacer\"><\/div>\n\n\n\n<p>E&#8217; possibile intraprendere un <strong>Percorso Formativo per Insegnanti <\/strong>di tutte le discipline in accordo con le normative legislative italiane ed europee.<\/p>\n\n\n\n<p><\/p>\n","protected":false},"excerpt":{"rendered":"<p>Un momento di pausa.. di ricarica.. in un mondo sempre pi\u00f9 frenetico. Un&#8217;opportunit\u00e0 per ritrovare il nostro centro e riconnetterci con esso quando necessario. Per ricominciare in modo diverso: pi\u00f9 consapevoli, pi\u00f9 in equilibrio, pi\u00f9 umani, creativi e produttivi. Vieni a scoprire l&#8217;incredibile potenziale che \u00e8 in te e impara ad utilizzarlo nella tua vita. [&#8230;]<\/p>\n<p><a class=\"btn btn-secondary understrap-read-more-link\" href=\"https:\/\/newmannewworld.com\/it\/sessioni-corsi\/\">Leggi di pi\u00f9&#8230;<span class=\"screen-reader-text\"> from Classi\/Corsi<\/span><\/a><\/p>\n","protected":false},"author":1,"featured_media":0,"parent":0,"menu_order":0,"comment_status":"closed","ping_status":"closed","template":"","meta":{"_locale":"it_IT","_original_post":"https:\/\/newmannewworld.com\/?page_id=24","footnotes":""},"class_list":["post-80","page","type-page","status-publish","hentry","it-IT"],"_links":{"self":[{"href":"https:\/\/newmannewworld.com\/wp-json\/wp\/v2\/pages\/80","targetHints":{"allow":["GET"]}}],"collection":[{"href":"https:\/\/newmannewworld.com\/wp-json\/wp\/v2\/pages"}],"about":[{"href":"https:\/\/newmannewworld.com\/wp-json\/wp\/v2\/types\/page"}],"author":[{"embeddable":true,"href":"https:\/\/newmannewworld.com\/wp-json\/wp\/v2\/users\/1"}],"replies":[{"embeddable":true,"href":"https:\/\/newmannewworld.com\/wp-json\/wp\/v2\/comments?post=80"}],"version-history":[{"count":5,"href":"https:\/\/newmannewworld.com\/wp-json\/wp\/v2\/pages\/80\/revisions"}],"predecessor-version":[{"id":1251,"href":"https:\/\/newmannewworld.com\/wp-json\/wp\/v2\/pages\/80\/revisions\/1251"}],"wp:attachment":[{"href":"https:\/\/newmannewworld.com\/wp-json\/wp\/v2\/media?parent=80"}],"curies":[{"name":"wp","href":"https:\/\/api.w.org\/{rel}","templated":true}]}}