{"id":68,"date":"2025-07-26T16:32:02","date_gmt":"2025-07-26T16:32:02","guid":{"rendered":"https:\/\/newmannewworld.com\/?page_id=68"},"modified":"2026-04-10T09:58:48","modified_gmt":"2026-04-10T07:58:48","slug":"biografia","status":"publish","type":"page","link":"https:\/\/newmannewworld.com\/it\/biografia\/","title":{"rendered":"Biografie"},"content":{"rendered":"\n<div class=\"wp-block-media-text is-stacked-on-mobile\" style=\"grid-template-columns:37% auto\"><figure class=\"wp-block-media-text__media\"><img loading=\"lazy\" decoding=\"async\" width=\"745\" height=\"1024\" src=\"https:\/\/newmannewworld.com\/wp-content\/uploads\/2025\/09\/IMG-1438-1-745x1024.jpg\" alt=\"\" class=\"wp-image-709 size-full\" srcset=\"https:\/\/newmannewworld.com\/wp-content\/uploads\/2025\/09\/IMG-1438-1-745x1024.jpg 745w, https:\/\/newmannewworld.com\/wp-content\/uploads\/2025\/09\/IMG-1438-1-218x300.jpg 218w, https:\/\/newmannewworld.com\/wp-content\/uploads\/2025\/09\/IMG-1438-1-768x1056.jpg 768w, https:\/\/newmannewworld.com\/wp-content\/uploads\/2025\/09\/IMG-1438-1.jpg 918w\" sizes=\"auto, (max-width: 745px) 100vw, 745px\" \/><\/figure><div class=\"wp-block-media-text__content\">\n<p><strong>Piero Belitrandi, Swami Deva Siddhakam<\/strong>, nato a Milano, inizia giovanissimo il suo percorso spirituale in India motivato dalla scomparsa del fratello in un incidente stradale. Sperimenta la meditazione e diventa discepolo dell\u2019 allora Bhagwan Shree Rajneesh successivamente Osho, che gli da\u2019 il suo nome spirituale. Si specializza, diventa Facilitatore di tutte le Tecniche di Meditazione di Osho e viene certificato e abilitato alla formazione di Facilitatori delle suddette tecniche (OMT). Negli anni &#8217;80 fonda una Comunit\u00e0 in Italia, Gautama Rajneesh, un\u2019 esperienza durata oltre 30 anni dedicata alla meditazione e alla crescita personale.<\/p>\n\n\n\n<p>In India, in Nepal e in Italia sperimenta in profondit\u00e0 la Vipassana e la mindfulness in Monasteri e Ashram Buddhisti.<br>Si certifica in Europa dapprima come Operatore e successivamente come Counsellor specializzato nelle Arti meditative (Sicool \u2013 Humaniversity).<br>Crea The Buddha Sound* e, in collaborazione con musicisti, cd dedicati alla meditazione, tra i quali: La Centratura*, The House Meditation*, AntiStress*.<\/p>\n\n\n\n<p>All\u2019 eta\u2019 di 42 anni, a Pune, in India, sperimenta una tecnica che lo porta molto in profondit\u00e0, dedicher\u00e0 i successivi otto anni alla meditazione personale intensiva.<br><\/p>\n\n\n\n<p>Ha recentemente fondato New World, un Centro di Meditazione dove collabora con insegnanti favorendo la partecipazione e la diffusione dei molti approcci alla meditazione. Tra gli altri: Qi Gong, Tai Chi, Yoga, Mindfulness, Vipassana e tanti altri. E dove si tengono seminari, corsi, eventi, riguardanti i risvolti scientifici e salutari della meditazione in collaborazione con scienziati, medici ed esperti.<\/p>\n<\/div><\/div>\n\n\n\n<div style=\"height:137px\" aria-hidden=\"true\" class=\"wp-block-spacer\"><\/div>\n\n\n\n<div class=\"wp-block-media-text is-stacked-on-mobile\" style=\"grid-template-columns:36% auto\"><figure class=\"wp-block-media-text__media\"><img loading=\"lazy\" decoding=\"async\" width=\"661\" height=\"1024\" src=\"https:\/\/newmannewworld.com\/wp-content\/uploads\/2025\/08\/Foto-Lucia-Cova-661x1024.jpg\" alt=\"\" class=\"wp-image-419 size-full\" srcset=\"https:\/\/newmannewworld.com\/wp-content\/uploads\/2025\/08\/Foto-Lucia-Cova-661x1024.jpg 661w, https:\/\/newmannewworld.com\/wp-content\/uploads\/2025\/08\/Foto-Lucia-Cova-194x300.jpg 194w, https:\/\/newmannewworld.com\/wp-content\/uploads\/2025\/08\/Foto-Lucia-Cova-768x1190.jpg 768w, https:\/\/newmannewworld.com\/wp-content\/uploads\/2025\/08\/Foto-Lucia-Cova-992x1536.jpg 992w, https:\/\/newmannewworld.com\/wp-content\/uploads\/2025\/08\/Foto-Lucia-Cova.jpg 1033w\" sizes=\"auto, (max-width: 661px) 100vw, 661px\" \/><\/figure><div class=\"wp-block-media-text__content\">\n<p><\/p>\n\n\n\n<p><strong>Lucia Cova<\/strong>: Pratica Tai Ji Quan stile Yang e Qi Gong dal 2015, si \u00e8 formata sotto la guida del M\u00b0 Franco Malinverno.<br>Dopo dieci anni di studio ed approfondimento di queste discipline, ha conseguito, nel febbraio 2025 la qualifica di istruttrice riconosciuta CSEN\/CONI.<br>Nella sua attivit\u00e0, unisce alla dedizione alla Pratica le competenze maturate nel campo della Medicina Tradizionale Cinese, con specializzazione in Fitoterapia, Alimentazione energetica e Aromapuntura, per offrire un approccio integrato e completo al benessere personale.<\/p>\n\n\n\n<p><\/p>\n<\/div><\/div>\n\n\n\n<div style=\"height:100px\" aria-hidden=\"true\" class=\"wp-block-spacer\"><\/div>\n\n\n\n<div class=\"wp-block-media-text is-stacked-on-mobile\" style=\"grid-template-columns:57% auto\"><figure class=\"wp-block-media-text__media\"><img loading=\"lazy\" decoding=\"async\" width=\"1024\" height=\"735\" src=\"https:\/\/newmannewworld.com\/wp-content\/uploads\/2026\/01\/Nicola-1024x735.jpg\" alt=\"\" class=\"wp-image-962 size-full\" srcset=\"https:\/\/newmannewworld.com\/wp-content\/uploads\/2026\/01\/Nicola-1024x735.jpg 1024w, https:\/\/newmannewworld.com\/wp-content\/uploads\/2026\/01\/Nicola-300x215.jpg 300w, https:\/\/newmannewworld.com\/wp-content\/uploads\/2026\/01\/Nicola-768x551.jpg 768w, https:\/\/newmannewworld.com\/wp-content\/uploads\/2026\/01\/Nicola.jpg 1500w\" sizes=\"auto, (max-width: 1024px) 100vw, 1024px\" \/><\/figure><div class=\"wp-block-media-text__content\">\n<p><\/p>\n\n\n\n<p><strong>Nicola Petrocelli<\/strong>: Inizia a praticare Yoga negli anni 1999\/2000 con Adalberto Zappal\u00e0 ne rimane affascinato e quindi decide di approfondire sempre pi\u00f9 la materia ed il mondo dello Yoga in generale.<br><br>Inizia a partecipare a seminari di approfondimento presso diverse scuole in Italia.<br><br>Nell\u2019anno 2005 si iscrive al corso triennale per insegnanti Yoga che supera con successo.<br><br>Nell\u2019anno 2008 decide di iscriversi e frequentare presso la regione Lombardia il corso di educatore sociale in arti marziali, discipline di combattimento e discipline orientali tra cui lo Yoga, conseguendo cos\u00ec la certificazione di qualit\u00e0 UNI EU ISO 9001:2008 e di responsabilit\u00e0 sociale 8000.<br><br>Nell\u2019anno 2010 viene riconosciuto come maestro su tutto il territorio nazionale.<br><br>Nello stesso anno decide di fondare l\u2019associazione \u201cIL LABORATORIO\u201d (di cui ne \u00e8 Presidente) e allo stesso tempo lascia il suo lavoro per dedicarsi a tempo pieno all\u2019insegnamento dello Yoga, all\u2019organizzazione di corsi, seminari, conferenze, avendo cos\u00ec la possibilit\u00e0 di affinare e migliorare la sua preparazione.<br><br>Nell\u2019anno 2012 in occasione di un seminario conosce Massimo Gatto (attuale direttore tecnico della scuola yoga Il Laboratorio ) il quale gli da l\u2019opportunit\u00e0 di incontrare ed organizzare una conferenza\/seminario con Swami Maeshananda (capo spirituale dell\u2019Istituto Kaivalyadama di Lonavla (India).<br><br>Subito dopo, proprio con Massimo Gatto, fonda la scuola di Yoga per insegnanti.<br>Attualmente insegna presso \u201cIL LABORATORIO\u201d e partecipa a seminari di approfondimento e aggiornamento organizzati dalla medesima scuola<\/p>\n\n\n\n<p><\/p>\n<\/div><\/div>\n\n\n\n<div style=\"height:70px\" aria-hidden=\"true\" class=\"wp-block-spacer\"><\/div>\n\n\n\n<div style=\"height:13px\" aria-hidden=\"true\" class=\"wp-block-spacer\"><\/div>\n\n\n\n<div class=\"wp-block-media-text is-stacked-on-mobile\" style=\"grid-template-columns:31% auto\"><figure class=\"wp-block-media-text__media\"><img loading=\"lazy\" decoding=\"async\" width=\"782\" height=\"1024\" src=\"https:\/\/newmannewworld.com\/wp-content\/uploads\/2026\/03\/Chiara-Polce-1-782x1024.jpg\" alt=\"\" class=\"wp-image-1106 size-full\" srcset=\"https:\/\/newmannewworld.com\/wp-content\/uploads\/2026\/03\/Chiara-Polce-1-782x1024.jpg 782w, https:\/\/newmannewworld.com\/wp-content\/uploads\/2026\/03\/Chiara-Polce-1-229x300.jpg 229w, https:\/\/newmannewworld.com\/wp-content\/uploads\/2026\/03\/Chiara-Polce-1-768x1005.jpg 768w, https:\/\/newmannewworld.com\/wp-content\/uploads\/2026\/03\/Chiara-Polce-1-1173x1536.jpg 1173w, https:\/\/newmannewworld.com\/wp-content\/uploads\/2026\/03\/Chiara-Polce-1.jpg 1255w\" sizes=\"auto, (max-width: 782px) 100vw, 782px\" \/><\/figure><div class=\"wp-block-media-text__content\">\n<p><strong>Chiara Polce<\/strong>: Insegnante di Yoga classico \/ Hatha Yoga, con approfondimenti sull&#8217; integrazione tra Yoga e Ayurveda. Conduce lezioni sia in inglese che in italiano. Propone una pratica rispettosa delle caratteristiche individuali, guidando allo sviluppo dell&#8217; autoconsapevolezza. <\/p>\n\n\n\n<p>Esplorando le potenzialit\u00e0 del respiro, coltivando tonicit\u00e0 e flessibilit\u00e0 nelle posizioni integra respiro e movimento, cercando di sperimentare maggiore libert\u00e0 nel corpo e nella mente, ed un maggiore equilibrio nella loro relazione, sia durante la pratica sul tappetino, che al di fuori.<\/p>\n\n\n\n<p><\/p>\n<\/div><\/div>\n\n\n\n<div style=\"height:100px\" aria-hidden=\"true\" class=\"wp-block-spacer\"><\/div>\n\n\n\n<div style=\"height:74px\" aria-hidden=\"true\" class=\"wp-block-spacer\"><\/div>\n\n\n\n<div class=\"wp-block-media-text is-stacked-on-mobile\" style=\"grid-template-columns:32% auto\"><figure class=\"wp-block-media-text__media\"><img loading=\"lazy\" decoding=\"async\" width=\"608\" height=\"1024\" src=\"https:\/\/newmannewworld.com\/wp-content\/uploads\/2026\/03\/Giorgia-Malerba-608x1024.jpg\" alt=\"\" class=\"wp-image-1112 size-full\" srcset=\"https:\/\/newmannewworld.com\/wp-content\/uploads\/2026\/03\/Giorgia-Malerba-608x1024.jpg 608w, https:\/\/newmannewworld.com\/wp-content\/uploads\/2026\/03\/Giorgia-Malerba-178x300.jpg 178w, https:\/\/newmannewworld.com\/wp-content\/uploads\/2026\/03\/Giorgia-Malerba-768x1294.jpg 768w, https:\/\/newmannewworld.com\/wp-content\/uploads\/2026\/03\/Giorgia-Malerba.jpg 868w\" sizes=\"auto, (max-width: 608px) 100vw, 608px\" \/><\/figure><div class=\"wp-block-media-text__content\">\n<p><strong>Giorgia Malerba<\/strong>: Insegnante di Hatha Yoga con una formazione solida e riconosciuta Csen. Accanto al percorso yogico, ha sviluppato competenze in ambito fitness lavorando con atleti e sportivi e formandosi in Pilates matwork. La sua passione e formazione abbracciano il mondo interiore dello Yoga con il mondo tonico del fitness. Offre corsi di Hatha Yoga, Pilates e Yoga Dinamico.<\/p>\n\n\n\n<p><\/p>\n\n\n\n<p><\/p>\n<\/div><\/div>\n\n\n\n<div style=\"height:100px\" aria-hidden=\"true\" class=\"wp-block-spacer\"><\/div>\n\n\n\n<div style=\"height:84px\" aria-hidden=\"true\" class=\"wp-block-spacer\"><\/div>\n\n\n\n<div class=\"wp-block-media-text is-stacked-on-mobile\" style=\"grid-template-columns:37% auto\"><figure class=\"wp-block-media-text__media\"><img loading=\"lazy\" decoding=\"async\" width=\"780\" height=\"754\" src=\"https:\/\/newmannewworld.com\/wp-content\/uploads\/2025\/10\/image.png\" alt=\"\" class=\"wp-image-914 size-full\" srcset=\"https:\/\/newmannewworld.com\/wp-content\/uploads\/2025\/10\/image.png 780w, https:\/\/newmannewworld.com\/wp-content\/uploads\/2025\/10\/image-300x290.png 300w, https:\/\/newmannewworld.com\/wp-content\/uploads\/2025\/10\/image-768x742.png 768w\" sizes=\"auto, (max-width: 780px) 100vw, 780px\" \/><\/figure><div class=\"wp-block-media-text__content\">\n<p><strong>Massimiliano Ielmini<\/strong>: Inizia il suo percorso in giovane et\u00e0, si dedica alla pratica della Meditazione, viaggia in Oriente, incontra Maestri. Dal 1997 docente in tecniche Meditative. Dal 2000 pratica il Massaggio Inca Qhaqoy. Nel 2004 consegue il diploma di operatore Ortho-Bionomy. Nel 2005 apprende il Massaggio Antistress. Nel 2007 scopre il potere del Suono, diventa Master in Gong e Campane Tibetane. Pratica trattamenti individuali Sonori e inizia ad affiancare la Meditazione al Suono in sessioni di gruppo. Dal 2008 collabora con Centri ed Associazioni.<\/p>\n\n\n\n<p><\/p>\n\n\n\n<p><\/p>\n<\/div><\/div>\n\n\n\n<div style=\"height:0px\" aria-hidden=\"true\" class=\"wp-block-spacer\"><\/div>\n\n\n\n<div style=\"height:115px\" aria-hidden=\"true\" class=\"wp-block-spacer\"><\/div>\n\n\n\n<div style=\"height:0px\" aria-hidden=\"true\" class=\"wp-block-spacer\"><\/div>\n\n\n\n<div style=\"height:22px\" aria-hidden=\"true\" class=\"wp-block-spacer\"><\/div>\n\n\n\n<div style=\"height:0px\" aria-hidden=\"true\" class=\"wp-block-spacer\"><\/div>\n\n\n\n<div style=\"height:0px\" aria-hidden=\"true\" class=\"wp-block-spacer\"><\/div>\n\n\n\n<div style=\"height:0px\" aria-hidden=\"true\" class=\"wp-block-spacer\"><\/div>\n\n\n\n<div style=\"height:100px\" aria-hidden=\"true\" class=\"wp-block-spacer\"><\/div>\n\n\n\n<div style=\"height:0px\" aria-hidden=\"true\" class=\"wp-block-spacer\"><\/div>\n\n\n\n<div style=\"height:0px\" aria-hidden=\"true\" class=\"wp-block-spacer\"><\/div>\n\n\n\n<div style=\"height:0px\" aria-hidden=\"true\" class=\"wp-block-spacer\"><\/div>\n\n\n\n<div style=\"height:100px\" aria-hidden=\"true\" class=\"wp-block-spacer\"><\/div>\n\n\n\n<div style=\"height:0px\" aria-hidden=\"true\" class=\"wp-block-spacer\"><\/div>\n\n\n\n<div style=\"height:0px\" aria-hidden=\"true\" class=\"wp-block-spacer\"><\/div>\n\n\n\n<div style=\"height:0px\" aria-hidden=\"true\" class=\"wp-block-spacer\"><\/div>\n\n\n\n<p><\/p>\n","protected":false},"excerpt":{"rendered":"<p>Piero Belitrandi, Swami Deva Siddhakam, nato a Milano, inizia giovanissimo il suo percorso spirituale in India motivato dalla scomparsa del fratello in un incidente stradale. Sperimenta la meditazione e diventa discepolo dell\u2019 allora Bhagwan Shree Rajneesh successivamente Osho, che gli da\u2019 il suo nome spirituale. Si specializza, diventa Facilitatore di tutte le Tecniche di Meditazione [&#8230;]<\/p>\n<p><a class=\"btn btn-secondary understrap-read-more-link\" href=\"https:\/\/newmannewworld.com\/it\/biografia\/\">Leggi di pi\u00f9&#8230;<span class=\"screen-reader-text\"> from Biografie<\/span><\/a><\/p>\n","protected":false},"author":1,"featured_media":0,"parent":0,"menu_order":0,"comment_status":"closed","ping_status":"closed","template":"","meta":{"_locale":"it_IT","_original_post":"https:\/\/newmannewworld.com\/?page_id=23","footnotes":""},"class_list":["post-68","page","type-page","status-publish","hentry","it-IT"],"_links":{"self":[{"href":"https:\/\/newmannewworld.com\/wp-json\/wp\/v2\/pages\/68","targetHints":{"allow":["GET"]}}],"collection":[{"href":"https:\/\/newmannewworld.com\/wp-json\/wp\/v2\/pages"}],"about":[{"href":"https:\/\/newmannewworld.com\/wp-json\/wp\/v2\/types\/page"}],"author":[{"embeddable":true,"href":"https:\/\/newmannewworld.com\/wp-json\/wp\/v2\/users\/1"}],"replies":[{"embeddable":true,"href":"https:\/\/newmannewworld.com\/wp-json\/wp\/v2\/comments?post=68"}],"version-history":[{"count":5,"href":"https:\/\/newmannewworld.com\/wp-json\/wp\/v2\/pages\/68\/revisions"}],"predecessor-version":[{"id":1242,"href":"https:\/\/newmannewworld.com\/wp-json\/wp\/v2\/pages\/68\/revisions\/1242"}],"wp:attachment":[{"href":"https:\/\/newmannewworld.com\/wp-json\/wp\/v2\/media?parent=68"}],"curies":[{"name":"wp","href":"https:\/\/api.w.org\/{rel}","templated":true}]}}