{"id":244,"date":"2025-07-27T18:29:51","date_gmt":"2025-07-27T16:29:51","guid":{"rendered":"https:\/\/newmannewworld.com\/?page_id=244"},"modified":"2026-04-10T09:47:49","modified_gmt":"2026-04-10T07:47:49","slug":"2-2","status":"publish","type":"page","link":"https:\/\/newmannewworld.com\/","title":{"rendered":""},"content":{"rendered":"\n<div style=\"height:0px\" aria-hidden=\"true\" class=\"wp-block-spacer\"><\/div>\n\n\n\n<div style=\"height:0px\" aria-hidden=\"true\" class=\"wp-block-spacer\"><\/div>\n\n\n\n<div style=\"height:0px\" aria-hidden=\"true\" class=\"wp-block-spacer\"><\/div>\n\n\n\n<div style=\"height:62px\" aria-hidden=\"true\" class=\"wp-block-spacer\"><\/div>\n\n\n\n<div style=\"height:34px\" aria-hidden=\"true\" class=\"wp-block-spacer\"><\/div>\n\n\n\n<div style=\"height:100px\" aria-hidden=\"true\" class=\"wp-block-spacer\"><\/div>\n\n\n\n<figure class=\"wp-block-image size-large\"><img loading=\"lazy\" decoding=\"async\" width=\"1024\" height=\"576\" src=\"https:\/\/newmannewworld.com\/wp-content\/uploads\/2026\/03\/Meditazione-19-aprile-1024x576.jpg\" alt=\"\" class=\"wp-image-1196\" srcset=\"https:\/\/newmannewworld.com\/wp-content\/uploads\/2026\/03\/Meditazione-19-aprile-1024x576.jpg 1024w, https:\/\/newmannewworld.com\/wp-content\/uploads\/2026\/03\/Meditazione-19-aprile-300x169.jpg 300w, https:\/\/newmannewworld.com\/wp-content\/uploads\/2026\/03\/Meditazione-19-aprile-768x432.jpg 768w, https:\/\/newmannewworld.com\/wp-content\/uploads\/2026\/03\/Meditazione-19-aprile-1536x864.jpg 1536w, https:\/\/newmannewworld.com\/wp-content\/uploads\/2026\/03\/Meditazione-19-aprile.jpg 1920w\" sizes=\"auto, (max-width: 1024px) 100vw, 1024px\" \/><\/figure>\n\n\n\n<div style=\"height:0px\" aria-hidden=\"true\" class=\"wp-block-spacer\"><\/div>\n\n\n\n<div style=\"height:0px\" aria-hidden=\"true\" class=\"wp-block-spacer\"><\/div>\n\n\n\n<div style=\"height:0px\" aria-hidden=\"true\" class=\"wp-block-spacer\"><\/div>\n\n\n\n<div style=\"height:1px\" aria-hidden=\"true\" class=\"wp-block-spacer\"><\/div>\n\n\n\n<div style=\"height:100px\" aria-hidden=\"true\" class=\"wp-block-spacer\"><\/div>\n\n\n\n<div style=\"height:0px\" aria-hidden=\"true\" class=\"wp-block-spacer\"><\/div>\n\n\n\n<div style=\"height:0px\" aria-hidden=\"true\" class=\"wp-block-spacer\"><\/div>\n\n\n\n<p><strong>ARTICOLI<\/strong><\/p>\n\n\n\n<div style=\"height:59px\" aria-hidden=\"true\" class=\"wp-block-spacer\"><\/div>\n\n\n\n<div style=\"height:0px\" aria-hidden=\"true\" class=\"wp-block-spacer\"><\/div>\n\n\n<ul class=\"wp-block-latest-posts__list alignleft wp-block-latest-posts\"><li><div class=\"wp-block-latest-posts__featured-image alignleft\"><a href=\"https:\/\/newmannewworld.com\/it\/meditation-and-its-mental-and-psychal-health-benefit-national-center-for-biotechnology-informations\/\" aria-label=\"La meditazione e i suoi benefici per la salute mentale e psichica \u2013 National Center for Biotechnology Informations\"><img loading=\"lazy\" decoding=\"async\" width=\"150\" height=\"150\" src=\"https:\/\/newmannewworld.com\/wp-content\/uploads\/2025\/09\/persone-che-meditano-150x150.jpg\" class=\"attachment-thumbnail size-thumbnail wp-post-image\" alt=\"\" style=\"\" \/><\/a><\/div><a class=\"wp-block-latest-posts__post-title\" href=\"https:\/\/newmannewworld.com\/it\/meditation-and-its-mental-and-psychal-health-benefit-national-center-for-biotechnology-informations\/\">La meditazione e i suoi benefici per la salute mentale e psichica \u2013 National Center for Biotechnology Informations<\/a><div class=\"wp-block-latest-posts__post-excerpt\">La risonanza magnetica (RM) ha mostrato numerosi cambiamenti cerebrali positivi con miglioramenti in diverse funzioni cerebrali. La meditazione ha diversi benefici, migliora il sistema immunitario e i processi infiammatori riducendo le citochine; un accorciamento appropriato dei telomeri contribuisce anche a un invecchiamento sano. Per quanto riguarda la salute fisica, la meditazione \u00e8 risultata benefica in [&#8230;]<p><a class=\"btn btn-secondary understrap-read-more-link\" href=\"https:\/\/newmannewworld.com\/it\/meditation-and-its-mental-and-psychal-health-benefit-national-center-for-biotechnology-informations\/\">Leggi di pi\u00f9&#8230;<span class=\"screen-reader-text\"> from La meditazione e i suoi benefici per la salute mentale e psichica \u2013 National Center for Biotechnology Informations<\/span><\/a><\/p><\/div><\/li>\n<li><div class=\"wp-block-latest-posts__featured-image alignleft\"><a href=\"https:\/\/newmannewworld.com\/it\/can-you-become-a-better-human-being-with-intention\/\" aria-label=\"Si puo&#8217; diventare degli esseri\u00a0umani migliori con l&#8217; intenzione? &#8211; Piero Belitrandi Siddhakam\"><img loading=\"lazy\" decoding=\"async\" width=\"150\" height=\"150\" src=\"https:\/\/newmannewworld.com\/wp-content\/uploads\/2025\/07\/abbracciando-il-pianeta-150x150.jpg\" class=\"attachment-thumbnail size-thumbnail wp-post-image\" alt=\"\" style=\"\" \/><\/a><\/div><a class=\"wp-block-latest-posts__post-title\" href=\"https:\/\/newmannewworld.com\/it\/can-you-become-a-better-human-being-with-intention\/\">Si puo&#8217; diventare degli esseri\u00a0umani migliori con l&#8217; intenzione? &#8211; Piero Belitrandi Siddhakam<\/a><div class=\"wp-block-latest-posts__post-excerpt\">Purtroppo no, anche se ci si rende conto di un qualche errore, se ci si pente, certi meccanismi, condizionamenti, sono talmente incisi nella nostra psiche, talmente radicati in noi, che inevitabilmente, inconsapevolmente, commetteremo ancora gli stessi errori. Anche se, sicuramente, pentirsi di un errore \u00e8 assolutamente positivo e denota umanit\u00e0. La meditazione \u00e8 un salto [&#8230;]<p><a class=\"btn btn-secondary understrap-read-more-link\" href=\"https:\/\/newmannewworld.com\/it\/can-you-become-a-better-human-being-with-intention\/\">Leggi di pi\u00f9&#8230;<span class=\"screen-reader-text\"> from Si puo&#8217; diventare degli esseri\u00a0umani migliori con l&#8217; intenzione? &#8211; Piero Belitrandi Siddhakam<\/span><\/a><\/p><\/div><\/li>\n<li><div class=\"wp-block-latest-posts__featured-image alignleft\"><a href=\"https:\/\/newmannewworld.com\/it\/guerra-fuori-perche-c-e-guerra-dentro\/\" aria-label=\"Guerra fuori perch\u00e9\u00a0c&#8217; \u00e9 guerra dentro &#8211; Piero Belitrandi Siddhakam\"><img loading=\"lazy\" decoding=\"async\" width=\"150\" height=\"150\" src=\"https:\/\/newmannewworld.com\/wp-content\/uploads\/2025\/08\/essere-al-centro-150x150.jpg\" class=\"attachment-thumbnail size-thumbnail wp-post-image\" alt=\"\" style=\"\" \/><\/a><\/div><a class=\"wp-block-latest-posts__post-title\" href=\"https:\/\/newmannewworld.com\/it\/guerra-fuori-perche-c-e-guerra-dentro\/\">Guerra fuori perch\u00e9\u00a0c&#8217; \u00e9 guerra dentro &#8211; Piero Belitrandi Siddhakam<\/a><div class=\"wp-block-latest-posts__post-excerpt\">Quante guerre! Ci sarebbe da unirsi per fronteggiare le enormi sfide del nuovo millennio, a partire dall&#8217; ambiente, e invece si combatte! Ma noi, in quanto individui, possiamo fare qualcosa? O siamo succubi dei vari guerrafondai? La risposta \u00e8 si. Possiamo fare qualcosa. E cio\u00e8 imparare ad andare dentro noi stessi: Quando si f\u00e0 pratica [&#8230;]<p><a class=\"btn btn-secondary understrap-read-more-link\" href=\"https:\/\/newmannewworld.com\/it\/guerra-fuori-perche-c-e-guerra-dentro\/\">Leggi di pi\u00f9&#8230;<span class=\"screen-reader-text\"> from Guerra fuori perch\u00e9\u00a0c&#8217; \u00e9 guerra dentro &#8211; Piero Belitrandi Siddhakam<\/span><\/a><\/p><\/div><\/li>\n<\/ul>\n\n\n<p><strong>ATTIVITA`<\/strong>: Per piu&#8217; informazioni visita la pagina Classi\/Corsi<\/p>\n\n\n\n<div class=\"wp-block-cover has-custom-content-position is-position-top-center\"><img loading=\"lazy\" decoding=\"async\" width=\"900\" height=\"559\" class=\"wp-block-cover__image-background wp-image-301\" alt=\"\" src=\"https:\/\/newmannewworld.com\/wp-content\/uploads\/2025\/08\/tai-chi-practice-ilyo-art.jpg\" data-object-fit=\"cover\" srcset=\"https:\/\/newmannewworld.com\/wp-content\/uploads\/2025\/08\/tai-chi-practice-ilyo-art.jpg 900w, https:\/\/newmannewworld.com\/wp-content\/uploads\/2025\/08\/tai-chi-practice-ilyo-art-300x186.jpg 300w, https:\/\/newmannewworld.com\/wp-content\/uploads\/2025\/08\/tai-chi-practice-ilyo-art-768x477.jpg 768w\" sizes=\"auto, (max-width: 900px) 100vw, 900px\" \/><span aria-hidden=\"true\" class=\"wp-block-cover__background has-background-dim\"><\/span><div class=\"wp-block-cover__inner-container is-layout-flow wp-block-cover-is-layout-flow\">\n<p class=\"has-text-align-center has-large-font-size\"><strong>Qi Gong<\/strong>  martedi dalle 18:30 alle19:30<\/p>\n<\/div><\/div>\n\n\n\n<p><\/p>\n\n\n\n<div class=\"wp-block-cover has-custom-content-position is-position-top-center\"><img loading=\"lazy\" decoding=\"async\" width=\"352\" height=\"352\" class=\"wp-block-cover__image-background wp-image-308\" alt=\"\" src=\"https:\/\/newmannewworld.com\/wp-content\/uploads\/2025\/08\/523902099_17843382090541458_6018162564528449580_n-1.jpg\" data-object-fit=\"cover\" srcset=\"https:\/\/newmannewworld.com\/wp-content\/uploads\/2025\/08\/523902099_17843382090541458_6018162564528449580_n-1.jpg 352w, https:\/\/newmannewworld.com\/wp-content\/uploads\/2025\/08\/523902099_17843382090541458_6018162564528449580_n-1-300x300.jpg 300w, https:\/\/newmannewworld.com\/wp-content\/uploads\/2025\/08\/523902099_17843382090541458_6018162564528449580_n-1-150x150.jpg 150w\" sizes=\"auto, (max-width: 352px) 100vw, 352px\" \/><span aria-hidden=\"true\" class=\"wp-block-cover__background has-background-dim\"><\/span><div class=\"wp-block-cover__inner-container is-layout-flow wp-block-cover-is-layout-flow\">\n<p class=\"has-text-align-center has-large-font-size\"><strong>Tai Chi Chuan<\/strong> giovedi dalle 18:00 alle19:00<\/p>\n<\/div><\/div>\n\n\n\n<p><\/p>\n\n\n\n\n\n<div class=\"wp-block-cover has-custom-content-position is-position-bottom-center\"><img loading=\"lazy\" decoding=\"async\" width=\"1024\" height=\"576\" class=\"wp-block-cover__image-background wp-image-969\" alt=\"\" src=\"https:\/\/newmannewworld.com\/wp-content\/uploads\/2026\/01\/Blanco-Turquesa-Videocentrico-Viajes-Miniatura-de-YouTube-2-1-1024x576.png\" data-object-fit=\"cover\" srcset=\"https:\/\/newmannewworld.com\/wp-content\/uploads\/2026\/01\/Blanco-Turquesa-Videocentrico-Viajes-Miniatura-de-YouTube-2-1-1024x576.png 1024w, https:\/\/newmannewworld.com\/wp-content\/uploads\/2026\/01\/Blanco-Turquesa-Videocentrico-Viajes-Miniatura-de-YouTube-2-1-300x169.png 300w, https:\/\/newmannewworld.com\/wp-content\/uploads\/2026\/01\/Blanco-Turquesa-Videocentrico-Viajes-Miniatura-de-YouTube-2-1-768x432.png 768w, https:\/\/newmannewworld.com\/wp-content\/uploads\/2026\/01\/Blanco-Turquesa-Videocentrico-Viajes-Miniatura-de-YouTube-2-1.png 1280w\" sizes=\"auto, (max-width: 1024px) 100vw, 1024px\" \/><span aria-hidden=\"true\" class=\"wp-block-cover__background has-background-dim\"><\/span><div class=\"wp-block-cover__inner-container is-layout-flow wp-block-cover-is-layout-flow\">\n<p class=\"has-text-align-center has-large-font-size\"><strong>Hatha Yoga<\/strong> lunedi dalle 17:00 alle 18:00, mercoledi dalle 16:30 alle 17:30, venerdi dalle 18:30 alle 19:30<\/p>\n<\/div><\/div>\n\n\n\n<div style=\"height:65px\" aria-hidden=\"true\" class=\"wp-block-spacer\"><\/div>\n\n\n\n<div class=\"wp-block-cover has-custom-content-position is-position-bottom-center\"><img loading=\"lazy\" decoding=\"async\" width=\"600\" height=\"292\" class=\"wp-block-cover__image-background wp-image-1014\" alt=\"\" src=\"https:\/\/newmannewworld.com\/wp-content\/uploads\/2026\/03\/Immagine-yoga-dinamico.webp\" data-object-fit=\"cover\" srcset=\"https:\/\/newmannewworld.com\/wp-content\/uploads\/2026\/03\/Immagine-yoga-dinamico.webp 600w, https:\/\/newmannewworld.com\/wp-content\/uploads\/2026\/03\/Immagine-yoga-dinamico-300x146.webp 300w\" sizes=\"auto, (max-width: 600px) 100vw, 600px\" \/><span aria-hidden=\"true\" class=\"wp-block-cover__background has-background-dim\"><\/span><div class=\"wp-block-cover__inner-container is-layout-flow wp-block-cover-is-layout-flow\">\n<p class=\"has-text-align-center has-large-font-size\"><strong>Yoga Dinamico<\/strong> lunedi dalle 18:30 alle 19:30, martedi e venerdi dalle 12:45 alle 13:45, mercoledi dalle 10:30 alle 11:30<\/p>\n<\/div><\/div>\n\n\n\n<div style=\"height:54px\" aria-hidden=\"true\" class=\"wp-block-spacer\"><\/div>\n\n\n\n<div class=\"wp-block-cover has-custom-content-position is-position-bottom-center\"><img loading=\"lazy\" decoding=\"async\" width=\"1024\" height=\"659\" class=\"wp-block-cover__image-background wp-image-1022\" alt=\"\" src=\"https:\/\/newmannewworld.com\/wp-content\/uploads\/2026\/03\/Immagine-yoga-dolce-4-1024x659.jpg\" style=\"object-position:52% 0%\" data-object-fit=\"cover\" data-object-position=\"52% 0%\" srcset=\"https:\/\/newmannewworld.com\/wp-content\/uploads\/2026\/03\/Immagine-yoga-dolce-4-1024x659.jpg 1024w, https:\/\/newmannewworld.com\/wp-content\/uploads\/2026\/03\/Immagine-yoga-dolce-4-300x193.jpg 300w, https:\/\/newmannewworld.com\/wp-content\/uploads\/2026\/03\/Immagine-yoga-dolce-4-768x494.jpg 768w, https:\/\/newmannewworld.com\/wp-content\/uploads\/2026\/03\/Immagine-yoga-dolce-4.jpg 1419w\" sizes=\"auto, (max-width: 1024px) 100vw, 1024px\" \/><span aria-hidden=\"true\" class=\"wp-block-cover__background has-background-dim\"><\/span><div class=\"wp-block-cover__inner-container is-layout-flow wp-block-cover-is-layout-flow\">\n<p class=\"has-text-align-center has-large-font-size\"><strong>Yoga Gentile<\/strong> mercoledi dalle 18:30 alle 19:30<\/p>\n<\/div><\/div>\n\n\n\n<p><\/p>\n\n\n\n<div style=\"height:35px\" aria-hidden=\"true\" class=\"wp-block-spacer\"><\/div>\n\n\n\n<div class=\"wp-block-cover is-repeated has-custom-content-position is-position-bottom-center\"><div class=\"wp-block-cover__image-background wp-image-1031 is-repeated\" style=\"background-position:48% 34%;background-image:url(https:\/\/newmannewworld.com\/wp-content\/uploads\/2026\/03\/Immagine-pilates.webp)\"><\/div><span aria-hidden=\"true\" class=\"wp-block-cover__background has-background-dim\"><\/span><div class=\"wp-block-cover__inner-container is-layout-flow wp-block-cover-is-layout-flow\">\n<p class=\"has-text-align-center has-large-font-size\"><strong>Pilates<\/strong> martedi dalle 11:30 alle 12:30, mercoledi dalle 9:15 alle 10:15<\/p>\n\n\n\n<div style=\"height:0px\" aria-hidden=\"true\" class=\"wp-block-spacer\"><\/div>\n\n\n\n<div style=\"height:0px\" aria-hidden=\"true\" class=\"wp-block-spacer\"><\/div>\n\n\n\n<div style=\"height:89px\" aria-hidden=\"true\" class=\"wp-block-spacer\"><\/div>\n\n\n\n<div style=\"height:0px\" aria-hidden=\"true\" class=\"wp-block-spacer\"><\/div>\n\n\n\n<div style=\"height:0px\" aria-hidden=\"true\" class=\"wp-block-spacer\"><\/div>\n<\/div><\/div>\n\n\n\n<div style=\"height:41px\" aria-hidden=\"true\" class=\"wp-block-spacer\"><\/div>\n\n\n\n<div style=\"height:0px\" aria-hidden=\"true\" class=\"wp-block-spacer\"><\/div>\n\n\n\n<div style=\"height:0px\" aria-hidden=\"true\" class=\"wp-block-spacer\"><\/div>\n\n\n\n<div style=\"height:0px\" aria-hidden=\"true\" class=\"wp-block-spacer\"><\/div>\n\n\n\n<div style=\"height:0px\" aria-hidden=\"true\" class=\"wp-block-spacer\"><\/div>\n\n\n\n<div style=\"height:0px\" aria-hidden=\"true\" class=\"wp-block-spacer\"><\/div>\n\n\n\n<div class=\"wp-block-cover has-custom-content-position is-position-top-center\"><img loading=\"lazy\" decoding=\"async\" width=\"1024\" height=\"724\" class=\"wp-block-cover__image-background wp-image-375\" alt=\"\" src=\"https:\/\/newmannewworld.com\/wp-content\/uploads\/2025\/08\/Meditando-dopo-il-lavoro-1024x724.png\" data-object-fit=\"cover\" srcset=\"https:\/\/newmannewworld.com\/wp-content\/uploads\/2025\/08\/Meditando-dopo-il-lavoro-1024x724.png 1024w, https:\/\/newmannewworld.com\/wp-content\/uploads\/2025\/08\/Meditando-dopo-il-lavoro-300x212.png 300w, https:\/\/newmannewworld.com\/wp-content\/uploads\/2025\/08\/Meditando-dopo-il-lavoro-768x543.png 768w, https:\/\/newmannewworld.com\/wp-content\/uploads\/2025\/08\/Meditando-dopo-il-lavoro-1536x1085.png 1536w, https:\/\/newmannewworld.com\/wp-content\/uploads\/2025\/08\/Meditando-dopo-il-lavoro.png 1684w\" sizes=\"auto, (max-width: 1024px) 100vw, 1024px\" \/><span aria-hidden=\"true\" class=\"wp-block-cover__background has-background-dim\"><\/span><div class=\"wp-block-cover__inner-container is-layout-flow wp-block-cover-is-layout-flow\">\n<p class=\"has-text-align-center has-large-font-size\"><strong>Evening Meditation (Meditazione per il dopo lavoro) <\/strong>da lunedi a venerdi dalle 19:45 alle 20:15<\/p>\n<\/div><\/div>\n\n\n\n<div style=\"height:100px\" aria-hidden=\"true\" class=\"wp-block-spacer\"><\/div>\n\n\n\n<figure class=\"wp-block-image size-full\"><img loading=\"lazy\" decoding=\"async\" width=\"940\" height=\"788\" src=\"https:\/\/newmannewworld.com\/wp-content\/uploads\/2025\/10\/PHOTO-2025-10-06-19-02-49-1.jpg\" alt=\"\" class=\"wp-image-912\" srcset=\"https:\/\/newmannewworld.com\/wp-content\/uploads\/2025\/10\/PHOTO-2025-10-06-19-02-49-1.jpg 940w, https:\/\/newmannewworld.com\/wp-content\/uploads\/2025\/10\/PHOTO-2025-10-06-19-02-49-1-300x251.jpg 300w, https:\/\/newmannewworld.com\/wp-content\/uploads\/2025\/10\/PHOTO-2025-10-06-19-02-49-1-768x644.jpg 768w\" sizes=\"auto, (max-width: 940px) 100vw, 940px\" \/><\/figure>\n","protected":false},"excerpt":{"rendered":"<p>ARTICOLI ATTIVITA`: Per piu&#8217; informazioni visita la pagina Classi\/Corsi [&#8230;]<\/p>\n<p><a class=\"btn btn-secondary understrap-read-more-link\" href=\"https:\/\/newmannewworld.com\/\">Leggi di pi\u00f9&#8230;<span class=\"screen-reader-text\"> from <\/span><\/a><\/p>\n","protected":false},"author":2,"featured_media":0,"parent":0,"menu_order":0,"comment_status":"closed","ping_status":"closed","template":"","meta":{"_locale":"it_IT","_original_post":"https:\/\/newmannewworld.com\/?page_id=242","footnotes":""},"class_list":["post-244","page","type-page","status-publish","hentry","it-IT"],"_links":{"self":[{"href":"https:\/\/newmannewworld.com\/wp-json\/wp\/v2\/pages\/244","targetHints":{"allow":["GET"]}}],"collection":[{"href":"https:\/\/newmannewworld.com\/wp-json\/wp\/v2\/pages"}],"about":[{"href":"https:\/\/newmannewworld.com\/wp-json\/wp\/v2\/types\/page"}],"author":[{"embeddable":true,"href":"https:\/\/newmannewworld.com\/wp-json\/wp\/v2\/users\/2"}],"replies":[{"embeddable":true,"href":"https:\/\/newmannewworld.com\/wp-json\/wp\/v2\/comments?post=244"}],"version-history":[{"count":5,"href":"https:\/\/newmannewworld.com\/wp-json\/wp\/v2\/pages\/244\/revisions"}],"predecessor-version":[{"id":1236,"href":"https:\/\/newmannewworld.com\/wp-json\/wp\/v2\/pages\/244\/revisions\/1236"}],"wp:attachment":[{"href":"https:\/\/newmannewworld.com\/wp-json\/wp\/v2\/media?parent=244"}],"curies":[{"name":"wp","href":"https:\/\/api.w.org\/{rel}","templated":true}]}}